{"id":3404,"date":"2022-05-29T13:27:25","date_gmt":"2022-05-29T10:27:25","guid":{"rendered":"https:\/\/iea-ras.ru\/?page_id=3404"},"modified":"2022-06-01T23:35:20","modified_gmt":"2022-06-01T20:35:20","slug":"%d0%b4%d0%b0%d0%bd%d0%b8%d0%bb%d0%ba%d0%be-%d0%b5%d0%bb%d0%b5%d0%bd%d0%b0-%d1%81%d0%b5%d1%80%d0%b3%d0%b5%d0%b5%d0%b2%d0%bd%d0%b0","status":"publish","type":"page","link":"https:\/\/iea-ras.ru\/?page_id=3404","title":{"rendered":"\u0414\u0430\u043d\u0438\u043b\u043a\u043e \u0415\u043b\u0435\u043d\u0430 \u0421\u0435\u0440\u0433\u0435\u0435\u0432\u043d\u0430"},"content":{"rendered":"<p><strong><img loading=\"lazy\" decoding=\"async\" class=\"size-full wp-image-3405 alignleft\" src=\"https:\/\/iea-ras.ru\/wp-content\/uploads\/2022\/05\/s200_elena.danilko.jpg\" alt=\"\" width=\"200\" height=\"200\" srcset=\"https:\/\/iea-ras.ru\/wp-content\/uploads\/2022\/05\/s200_elena.danilko.jpg 200w, https:\/\/iea-ras.ru\/wp-content\/uploads\/2022\/05\/s200_elena.danilko-150x150.jpg 150w, https:\/\/iea-ras.ru\/wp-content\/uploads\/2022\/05\/s200_elena.danilko-75x75.jpg 75w, https:\/\/iea-ras.ru\/wp-content\/uploads\/2022\/05\/s200_elena.danilko-100x100.jpg 100w\" sizes=\"auto, (max-width: 200px) 100vw, 200px\" \/>\u041d\u0430\u0443\u0447\u043d\u044b\u0435 \u0438\u043d\u0442\u0435\u0440\u0435\u0441\u044b:<\/strong><br \/>\n\u0438\u0441\u0442\u043e\u0440\u0438\u044f \u0438 \u043a\u0443\u043b\u044c\u0442\u0443\u0440\u0430 \u0441\u0442\u0430\u0440\u043e\u043e\u0431\u0440\u044f\u0434\u0447\u0435\u0441\u0442\u0432\u0430, \u0430\u043d\u0442\u0440\u043e\u043f\u043e\u043b\u043e\u0433\u0438\u044f \u0440\u0435\u043b\u0438\u0433\u0438\u0438, \u044d\u0442\u043d\u043e\u043a\u0443\u043b\u044c\u0442\u0443\u0440\u043d\u044b\u0435 \u043f\u0440\u043e\u0446\u0435\u0441\u0441\u044b \u0432 \u0423\u0440\u0430\u043b\u043e-\u041f\u043e\u0432\u043e\u043b\u0436\u044c\u0435, \u0432\u0438\u0437\u0443\u0430\u043b\u044c\u043d\u0430\u044f \u0430\u043d\u0442\u0440\u043e\u043f\u043e\u043b\u043e\u0433\u0438\u044f, \u0430\u043d\u0442\u0440\u043e\u043f\u043e\u043b\u043e\u0433\u0438\u044f \u0433\u043e\u0440\u043e\u0434\u0430<\/p>\n<p><strong>e-mail:<\/strong> <a href=\"mailto:danja9@yandex.ru\">danja9@yandex.ru<\/a><\/p>\n<p style=\"text-align: justify;\">\u0412 1996 \u0433. \u043e\u043a\u043e\u043d\u0447\u0438\u043b\u0430 \u043a\u0430\u0444\u0435\u0434\u0440\u0443 \u0430\u0440\u0445\u0435\u043e\u043b\u043e\u0433\u0438\u0438 \u0438\u0441\u0442\u043e\u0440\u0438\u0447\u0435\u0441\u043a\u043e\u0433\u043e \u0444\u0430\u043a\u0443\u043b\u044c\u0442\u0435\u0442\u0430 \u0411\u0430\u0448\u043a\u0438\u0440\u0441\u043a\u043e\u0433\u043e \u0433\u043e\u0441\u0443\u0434\u0430\u0440\u0441\u0442\u0432\u0435\u043d\u043d\u043e\u0433\u043e \u0443\u043d\u0438\u0432\u0435\u0440\u0441\u0438\u0442\u0435\u0442\u0430. \u0421 1996 \u0433. \u043f\u043e 2003 \u0433. \u0440\u0430\u0431\u043e\u0442\u0430\u043b\u0430 \u0432 \u0426\u0435\u043d\u0442\u0440\u0435 \u044d\u0442\u043d\u043e\u043b\u043e\u0433\u0438\u0447\u0435\u0441\u043a\u0438\u0445 \u0438\u0441\u0441\u043b\u0435\u0434\u043e\u0432\u0430\u043d\u0438\u0439 \u0441 \u043c\u0443\u0437\u0435\u0435\u043c \u0430\u0440\u0445\u0435\u043e\u043b\u043e\u0433\u0438\u0438 \u0438 \u044d\u0442\u043d\u043e\u0433\u0440\u0430\u0444\u0438\u0438 \u0423\u0444\u0438\u043c\u0441\u043a\u043e\u0433\u043e \u043d\u0430\u0443\u0447\u043d\u043e\u0433\u043e \u0446\u0435\u043d\u0442\u0440\u0430 \u0420\u0410\u041d. \u0412 2000 \u0433. \u0437\u0430\u0449\u0438\u0442\u0438\u043b\u0430 \u043a\u0430\u043d\u0434\u0438\u0434\u0430\u0442\u0441\u043a\u0443\u044e \u0434\u0438\u0441\u0441\u0435\u0440\u0442\u0430\u0446\u0438\u044e \u043d\u0430 \u0442\u0435\u043c\u0443 \u00ab\u0421\u0442\u0430\u0440\u043e\u043e\u0431\u0440\u044f\u0434\u0447\u0435\u0441\u0442\u0432\u043e \u043d\u0430 \u042e\u0436\u043d\u043e\u043c \u0423\u0440\u0430\u043b\u0435: \u0438\u0441\u0442\u043e\u0440\u0438\u043a\u043e-\u044d\u0442\u043d\u043e\u0433\u0440\u0430\u0444\u0438\u0447\u0435\u0441\u043a\u043e\u0435 \u0438\u0441\u0441\u043b\u0435\u0434\u043e\u0432\u0430\u043d\u0438\u0435\u00bb. \u0412 2007 \u0433. \u0437\u0430\u043a\u043e\u043d\u0447\u0438\u043b\u0430 \u0434\u043e\u043a\u0442\u043e\u0440\u0430\u043d\u0442\u0443\u0440\u0443 \u0432 \u0418\u043d\u0441\u0442\u0438\u0442\u0443\u0442\u0435 \u044d\u0442\u043d\u043e\u043b\u043e\u0433\u0438\u0438 \u0438 \u0430\u043d\u0442\u0440\u043e\u043f\u043e\u043b\u043e\u0433\u0438\u0438 \u0420\u0410\u041d \u0438 \u0437\u0430\u0449\u0438\u0442\u0438\u043b\u0430 \u0434\u043e\u043a\u0442\u043e\u0440\u0441\u043a\u0443\u044e \u0434\u0438\u0441\u0441\u0435\u0440\u0442\u0430\u0446\u0438\u044e \u043d\u0430 \u0442\u0435\u043c\u0443 \u00ab\u041c\u0435\u0445\u0430\u043d\u0438\u0437\u043c\u044b \u0441\u0430\u043c\u043e\u0441\u043e\u0445\u0440\u0430\u043d\u0435\u043d\u0438\u044f \u0440\u0443\u0441\u0441\u043a\u0438\u0445 \u0438 \u0444\u0438\u043d\u043d\u043e-\u0443\u0433\u043e\u0440\u0441\u043a\u0438\u0445 \u0441\u0442\u0430\u0440\u043e\u043e\u0431\u0440\u044f\u0434\u0447\u0435\u0441\u043a\u0438\u0445 \u043e\u0431\u0449\u0438\u043d \u0423\u0440\u0430\u043b\u043e-\u041f\u043e\u0432\u043e\u043b\u0436\u044c\u044f\u00bb. \u0410\u0432\u0442\u043e\u0440 \u0431\u043e\u043b\u0435\u0435 \u0441\u0442\u0430 \u043d\u0430\u0443\u0447\u043d\u044b\u0445 \u043f\u0443\u0431\u043b\u0438\u043a\u0430\u0446\u0438\u0439 \u0438 \u043e\u043a\u043e\u043b\u043e \u0434\u0435\u0441\u044f\u0442\u0438 \u0432\u0438\u0437\u0443\u0430\u043b\u044c\u043d\u043e-\u0430\u043d\u0442\u0440\u043e\u043f\u043e\u043b\u043e\u0433\u0438\u0447\u0435\u0441\u043a\u0438\u0445 \u0444\u0438\u043b\u044c\u043c\u043e\u0432. \u0412\u0445\u043e\u0434\u0438\u0442 \u0432 \u0441\u043e\u0441\u0442\u0430\u0432 \u041c\u0435\u0436\u0434\u0443\u043d\u0430\u0440\u043e\u0434\u043d\u043e\u0439 \u041a\u043e\u043c\u0438\u0441\u0441\u0438\u0438 \u043f\u043e \u0438\u0441\u0441\u043b\u0435\u0434\u043e\u0432\u0430\u043d\u0438\u044f\u043c \u0441\u0442\u0430\u0440\u043e\u043e\u0431\u0440\u044f\u0434\u0447\u0435\u0441\u0442\u0432\u0430 \u043f\u0440\u0438 \u041a\u043e\u043d\u0433\u0440\u0435\u0441\u0441\u0435 \u0441\u043b\u0430\u0432\u0438\u0441\u0442\u043e\u0432.<br \/>\n\u0421 2005 \u043f\u043e 2009 \u0433. \u0431\u044b\u043b\u0430 \u0418\u0441\u043f\u043e\u043b\u043d\u0438\u0442\u0435\u043b\u044c\u043d\u044b\u043c \u0434\u0438\u0440\u0435\u043a\u0442\u043e\u0440\u043e\u043c \u0410\u0441\u0441\u043e\u0446\u0438\u0430\u0446\u0438\u0438 \u044d\u0442\u043d\u043e\u0433\u0440\u0430\u0444\u043e\u0432 \u0438 \u0430\u043d\u0442\u0440\u043e\u043f\u043e\u043b\u043e\u0433\u043e\u0432 \u0420\u043e\u0441\u0441\u0438\u0438.<br \/>\n\u0418\u0441\u043f\u043e\u043b\u043d\u0438\u0442\u0435\u043b\u044c\u043d\u044b\u0439 \u0434\u0438\u0440\u0435\u043a\u0442\u043e\u0440 \u041c\u043e\u0441\u043a\u043e\u0432\u0441\u043a\u043e\u0433\u043e \u043c\u0435\u0436\u0434\u0443\u043d\u0430\u0440\u043e\u0434\u043d\u043e\u0433\u043e \u0444\u0435\u0441\u0442\u0438\u0432\u0430\u043b\u044f \u0432\u0438\u0437\u0443\u0430\u043b\u044c\u043d\u043e\u0439 \u0430\u043d\u0442\u0440\u043e\u043f\u043e\u043b\u043e\u0433\u0438\u0438 \u00ab\u041a\u0430\u043c\u0435\u0440\u0430-\u043f\u043e\u0441\u0440\u0435\u0434\u043d\u0438\u043a\u00bb. \u0412 2013 \u0433. \u0431\u044b\u043b\u0430 \u0447\u043b\u0435\u043d\u043e\u043c \u043e\u0442\u0431\u043e\u0440\u043e\u0447\u043d\u043e\u0439 \u043a\u043e\u043c\u0438\u0441\u0441\u0438\u0438 \u041c\u0435\u0436\u0434\u0443\u043d\u0430\u0440\u043e\u0434\u043d\u043e\u0433\u043e \u0444\u0435\u0441\u0442\u0438\u0432\u0430\u043b\u044f \u0432\u0438\u0437\u0443\u0430\u043b\u044c\u043d\u043e\u0439 \u0430\u043d\u0442\u0440\u043e\u043f\u043e\u043b\u043e\u0433\u0438\u0438 \u0438 \u043c\u0435\u0434\u0438\u0430 \u0432 \u0433. \u0427\u0438\u043a\u0430\u0433\u043e \u0421\u0428\u0410 (SVA Film &amp; Media Festival in Chicago) \u0438 \u0447\u043b\u0435\u043d\u043e\u043c \u0436\u044e\u0440\u0438 \u041c\u0435\u0436\u0434\u0443\u043d\u0430\u0440\u043e\u0434\u043d\u043e\u0433\u043e \u0444\u0435\u0441\u0442\u0438\u0432\u0430\u043b\u044f \u0434\u043e\u043a\u0443\u043c\u0435\u043d\u0442\u0430\u043b\u044c\u043d\u044b\u0445 \u0444\u0438\u043b\u044c\u043c\u043e\u0432 \u00ab\u0410\u0441\u0442\u0440\u0430\u00bb \u0432 \u0433. \u0421\u0438\u0431\u0438\u0443, \u0420\u0443\u043c\u044b\u043d\u0438\u044f (Astra Film Festival Sibiu International Festival of Documentary Film).<br \/>\n\u0420\u0430\u0431\u043e\u0442\u0430\u043b\u0430 \u0440\u0435\u0434\u0430\u043a\u0442\u043e\u0440\u043e\u043c-\u0430\u043d\u0430\u043b\u0438\u0442\u0438\u043a\u043e\u043c \u0446\u0438\u043a\u043b\u0430 \u043f\u0435\u0440\u0435\u0434\u0430\u0447 \u043e \u043d\u0430\u0440\u043e\u0434\u0430\u0445 \u0420\u043e\u0441\u0441\u0438\u0438 \u00ab\u0420\u043e\u0441\u0441\u0438\u044f \u2013 \u043b\u044e\u0431\u043e\u0432\u044c \u043c\u043e\u044f\u00bb \u043d\u0430 \u0442\u0435\u043b\u0435\u043a\u0430\u043d\u0430\u043b\u0435 \u00ab\u041a\u0443\u043b\u044c\u0442\u0443\u0440\u0430\u00bb, \u043f\u0440\u043e\u0432\u043e\u0434\u0438\u0442 \u043a\u0438\u043d\u043e\u043b\u0435\u043a\u0442\u043e\u0440\u0438\u0439 \u00ab\u041a\u0443\u043b\u044c\u0442\u0443\u0440\u0430 \u0441\u0442\u0430\u0440\u043e\u043e\u0431\u0440\u044f\u0434\u0447\u0435\u0441\u0442\u0432\u0430\u00bb \u0432 \u0426\u0435\u043d\u0442\u0440\u0430\u043b\u044c\u043d\u043e\u043c \u043c\u0443\u0437\u0435\u0435 \u0434\u0440\u0435\u0432\u043d\u0435\u0440\u0443\u0441\u0441\u043a\u043e\u0439 \u043a\u0443\u043b\u044c\u0442\u0443\u0440\u044b \u0438 \u0438\u0441\u043a\u0443\u0441\u0441\u0442\u0432\u0430 \u0438\u043c\u0435\u043d\u0438 \u0410\u043d\u0434\u0440\u0435\u044f \u0420\u0443\u0431\u043b\u0435\u0432\u0430 \u0438 \u043a\u0438\u043d\u043e\u043b\u0435\u043a\u0442\u043e\u0440\u0438\u0439 \u043f\u043e \u0432\u0438\u0437\u0443\u0430\u043b\u044c\u043d\u043e\u0439 \u0430\u043d\u0442\u0440\u043e\u043f\u043e\u043b\u043e\u0433\u0438\u0438 \u00ab\u041a\u0430\u043c\u0435\u0440\u0430-\u043f\u043e\u0441\u0440\u0435\u0434\u043d\u0438\u043a\u00bb \u0432 \u043a\u0438\u043d\u043e\u0442\u0435\u0430\u0442\u0440\u0435 \u00ab\u0417\u0432\u0435\u0437\u0434\u0430\u00bb.<\/p>\n<p style=\"text-align: justify;\"><strong>\u0418\u0437\u0431\u0440\u0430\u043d\u043d\u044b\u0435 \u043f\u0443\u0431\u043b\u0438\u043a\u0430\u0446\u0438\u0438:<\/strong><br \/>\n\u25cf \u00ab\u0421\u0432\u044f\u0442\u0441\u043a, \u043f\u043e\u0442\u043e\u043c\u0443 \u0447\u0442\u043e \u0441\u0432\u044f\u0442\u043e\u0435 \u043c\u0435\u0441\u0442\u043e\u2026\u00bb: \u043f\u043e\u0432\u0435\u0441\u0442\u0432\u043e\u0432\u0430\u043d\u0438\u044f \u043e \u0441\u0435\u043b\u0435\u043d\u0438\u0438, \u043a\u043e\u0442\u043e\u0440\u043e\u0433\u043e \u043d\u0435 \u0441\u0442\u0430\u043b\u043e \/\/ \u041e \u0441\u0432\u043e\u0435\u0439 \u0437\u0435\u043c\u043b\u0435, \u0441\u0432\u043e\u0435\u0439 \u0432\u0435\u0440\u0435, \u043d\u0430\u0441\u0442\u043e\u044f\u0449\u0435\u043c \u0438 \u043f\u0435\u0440\u0435\u0436\u0438\u0442\u043e\u043c \u0432 \u0420\u043e\u0441\u0441\u0438\u0438 XX-XXI \u0432\u0432. (\u043a \u0438\u0437\u0443\u0447\u0435\u043d\u0438\u044e \u0431\u0438\u043e\u0433\u0440\u0430\u0444\u0438\u0447\u0435\u0441\u043a\u043e\u0433\u043e \u0438 \u0440\u0435\u043b\u0438\u0433\u0438\u043e\u0437\u043d\u043e\u0433\u043e \u043d\u0430\u0440\u0440\u0430\u0442\u0438\u0432\u0430). \u041c.: \u0418\u043d\u0434\u0440\u0438\u043a, 2012. \u0421. 329-362.<br \/>\n\u25cf \u0412\u043e\u0441\u043f\u043e\u043c\u0438\u043d\u0430\u043d\u0438\u044f \u043e \u0428\u0435\u0444\u0435 \/\/ \u041a\u0443\u0437\u0435\u0435\u0432 \u0420\u0430\u0438\u043b\u044c \u0413\u0443\u043c\u0435\u0440\u043e\u0432\u0438\u0447. \u0423\u0447\u0435\u043d\u044b\u0439. \u0422\u0432\u043e\u0440\u0435\u0446. \u0413\u0440\u0430\u0436\u0434\u0430\u043d\u0438\u043d. \u0421\u0431\u043e\u0440\u043d\u0438\u043a \u0441\u0442\u0430\u0442\u0435\u0439. \u0423\u0444\u0430: \u0413\u0423\u041f \u0420\u0411 \u0423\u041f\u041a, 2012. \u2013 \u0421. 138-144.<br \/>\n\u25cf \u00ab\u0421\u043c\u0438\u0440\u0435\u043d\u043d\u044b\u0439 \u0430\u0440\u0445\u0438\u0435\u043f\u0438\u0441\u043a\u043e\u043f \u0410\u0440\u043a\u0430\u0434\u0438\u0439\u2026\u00bb: \u043d\u0435\u043a\u043e\u0442\u043e\u0440\u044b\u0435 \u0441\u0442\u0440\u0430\u043d\u0438\u0446\u044b \u0438\u0437 \u0438\u0441\u0442\u043e\u0440\u0438\u0438 \u0411\u0435\u043b\u043e\u0432\u043e\u0434\u0441\u043a\u043e\u0439 \u0438\u0435\u0440\u0430\u0440\u0445\u0438\u0438 \/\/ \u0421\u0443\u0434\u044c\u0431\u0430 \u0441\u0442\u0430\u0440\u043e\u043e\u0431\u0440\u044f\u0434\u0447\u0435\u0441\u0442\u0432\u0430 \u0432 \u0425\u0425 \u2013 \u043d\u0430\u0447\u0430\u043b\u0435 \u0425\u0425I \u0432\u0432.: \u0438\u0441\u0442\u043e\u0440\u0438\u044f \u0438 \u0441\u043e\u0432\u0440\u0435\u043c\u0435\u043d\u043d\u043e\u0441\u0442\u044c. \u25cf\u0421\u0431\u043e\u0440\u043d\u0438\u043a \u043d\u0430\u0443\u0447\u043d\u044b\u0445 \u0442\u0440\u0443\u0434\u043e\u0432 \u0438 \u043c\u0430\u0442\u0435\u0440\u0438\u0430\u043b\u043e\u0432. \u041a\u0438\u0435\u0432-\u0412\u0438\u043d\u043d\u0438\u0446\u0430, 2011. \u0412\u044b\u043f.5. \u2013 \u0421. 369-391.<br \/>\n\u25cf \u042d\u0442\u043d\u043e\u043a\u043e\u043d\u0444\u0435\u0441\u0441\u0438\u043e\u043d\u0430\u043b\u044c\u043d\u044b\u0435 \u043c\u0435\u043d\u044c\u0448\u0438\u043d\u0441\u0442\u0432\u0430 \u043d\u0430\u0440\u043e\u0434\u043e\u0432 \u0423\u0440\u0430\u043b\u043e-\u041f\u043e\u0432\u043e\u043b\u0436\u044c\u044f \/ \u0440\u0435\u0434. \u0415.\u0410.\u042f\u0433\u0430\u0444\u043e\u0432\u0430. \u0421\u0430\u043c\u0430\u0440\u0430: \u041f\u0413\u0421\u0413\u0410, 2010. 264 \u0441. \u0441 \u0446\u0432\u0435\u0442.\u0438\u043b\u043b. \u041a\u043e\u043b\u043b\u0435\u043a\u0442\u0438\u0432\u043d\u0430\u044f \u043c\u043e\u043d\u043e\u0433\u0440\u0430\u0444\u0438\u044f.<br \/>\n\u25cf \u041c\u0435\u0436\u043a\u043e\u043d\u0444\u0435\u0441\u0441\u0438\u043e\u043d\u0430\u043b\u044c\u043d\u044b\u0435 \u0432\u0437\u0430\u0438\u043c\u043e\u0434\u0435\u0439\u0441\u0442\u0432\u0438\u044f \u0432 \u0423\u0440\u0430\u043b\u043e-\u041f\u043e\u0432\u043e\u043b\u0436\u044c\u0435: \u0441\u0442\u0430\u0440\u043e\u043e\u0431\u0440\u044f\u0434\u0447\u0435\u0441\u0442\u0432\u043e \u0441\u0440\u0435\u0434\u0438 \u00ab\u0438\u043d\u043e\u0440\u043e\u0434\u0446\u0435\u0432\u00bb \/\/ \u0422\u0440\u0430\u0434\u0438\u0446\u0438\u043e\u043d\u043d\u0430\u044f \u043a\u0443\u043b\u044c\u0442\u0443\u0440\u0430. 2010. \u2116 3. \u0421. 72-80.<br \/>\n\u25cf \u041c\u0430\u043b\u0435\u043d\u044c\u043a\u0438\u0439 \u043f\u0440\u043e\u0432\u0438\u043d\u0446\u0438\u0430\u043b\u044c\u043d\u044b\u0439 \u0433\u043e\u0440\u043e\u0434 \u0432 \u0441\u043e\u0432\u0440\u0435\u043c\u0435\u043d\u043d\u043e\u0439 \u0420\u043e\u0441\u0441\u0438\u0438 (\u043f\u043e \u043c\u0430\u0442\u0435\u0440\u0438\u0430\u043b\u0430\u043c \u043f\u043e\u043b\u0435\u0432\u044b\u0445 \u0438\u0441\u0441\u043b\u0435\u0434\u043e\u0432\u0430\u043d\u0438\u0439 \u0432 \u0433. \u0414\u0430\u0432\u043b\u0435\u043a\u0430\u043d\u043e\u0432\u043e \u0420\u0435\u0441\u043f\u0443\u0431\u043b\u0438\u043a\u0438 \u0411\u0430\u0448\u043a\u043e\u0440\u0442\u043e\u0441\u0442\u0430\u043d) \/\/ \u0418\u0441\u0441\u043b\u0435\u0434\u043e\u0432\u0430\u043d\u0438\u044f \u043f\u043e \u043f\u0440\u0438\u043a\u043b\u0430\u0434\u043d\u043e\u0439 \u0438 \u043d\u0435\u043e\u0442\u043b\u043e\u0436\u043d\u043e\u0439 \u044d\u0442\u043d\u043e\u043b\u043e\u0433\u0438\u0438. \u2116 216. \u041c., 2010.<br \/>\n\u25cf \u0422\u0430\u0442\u0430\u0440\u044b \u0432 \u044d\u0442\u043d\u0438\u0447\u0435\u0441\u043a\u0438 \u0441\u043c\u0435\u0448\u0430\u043d\u043d\u044b\u0445 \u043f\u043e\u0441\u0435\u043b\u0435\u043d\u0438\u044f\u0445 \u0423\u0440\u0430\u043b\u043e-\u041f\u043e\u0432\u043e\u043b\u0436\u044c\u044f: \u043e\u0441\u043e\u0431\u0435\u043d\u043d\u043e\u0441\u0442\u0438 \u043c\u0435\u0436\u043a\u0443\u043b\u044c\u0442\u0443\u0440\u043d\u044b\u0445 \u0432\u0437\u0430\u0438\u043c\u043e\u0434\u0435\u0439\u0441\u0442\u0432\u0438\u0439 \/\/ \u042d\u0442\u043d\u043e\u0433\u0440\u0430\u0444\u0438\u0447\u0435\u0441\u043a\u043e\u0435 \u043e\u0431\u043e\u0437\u0440\u0435\u043d\u0438\u0435. 2010. \u2116 6. \u0421. 54-65.<br \/>\n\u25cf \u0412\u0437\u0430\u0438\u043c\u043e\u0441\u0432\u044f\u0437\u044c \u0444\u043e\u043b\u044c\u043a\u043b\u043e\u0440\u043d\u043e\u0439 \u0442\u0440\u0430\u0434\u0438\u0446\u0438\u0438 \u0441 \u0430\u0434\u0430\u043f\u0442\u0430\u0446\u0438\u043e\u043d\u043d\u044b\u043c\u0438 \u043f\u0440\u043e\u0446\u0435\u0441\u0441\u0430\u043c\u0438 \u0432 \u0441\u043e\u0432\u0440\u0435\u043c\u0435\u043d\u043d\u043e\u043c \u0441\u0442\u0430\u0440\u043e\u043e\u0431\u0440\u044f\u0434\u0447\u0435\u0441\u0442\u0432\u0435 (\u043d\u0430 \u043f\u0440\u0438\u043c\u0435\u0440\u0435 \u044d\u0441\u0445\u0430\u0442\u043e\u043b\u043e\u0433\u0438\u0447\u0435\u0441\u043a\u0438\u0445 \u0438 \u0443\u0442\u043e\u043f\u0438\u0447\u0435\u0441\u043a\u0438\u0445 \u043f\u0440\u0435\u0434\u0430\u043d\u0438\u0439) \/\/ \u042d\u0442\u043d\u043e\u0433\u0440\u0430\u0444\u0438\u0447\u0435\u0441\u043a\u043e\u0435 \u043e\u0431\u043e\u0437\u0440\u0435\u043d\u0438\u0435. 2007. \u2116 4.<br \/>\n\u25cf \u0417\u0430\u043c\u043a\u043d\u0443\u0442\u044b\u0439 \u0441\u043e\u0446\u0438\u0443\u043c \u0432 \u0441\u043e\u0432\u0440\u0435\u043c\u0435\u043d\u043d\u043e\u043c \u043c\u0438\u0440\u0435: \u043f\u0440\u043e\u0431\u043b\u0435\u043c\u044b \u0441\u0430\u043c\u043e\u0441\u043e\u0445\u0440\u0430\u043d\u0435\u043d\u0438\u044f \u0441\u0442\u0430\u0440\u043e\u043e\u0431\u0440\u044f\u0434\u0447\u0435\u0441\u043a\u0438\u0445 \u043e\u0431\u0449\u0438\u043d \u042e\u0436\u043d\u043e\u0433\u043e \u0423\u0440\u0430\u043b\u0430 \/\/ \u0420\u0435\u043b\u0438\u0433\u0438\u043e\u0437\u043d\u044b\u0435 \u043f\u0440\u0430\u043a\u0442\u0438\u043a\u0438 \u0432 \u0441\u043e\u0432\u0440\u0435\u043c\u0435\u043d\u043d\u043e\u0439 \u0420\u043e\u0441\u0441\u0438\u0438: \u0421\u0431\u043e\u0440\u043d\u0438\u043a \u0441\u0442\u0430\u0442\u0435\u0439. \u041c., 2006.<br \/>\n\u25cf The Old Believers\u2019 Tradition and the Changing World \/\/ 15 Years after. Program of the 2004 conference of the International Study of Religion in Eastern and Central Europe Association 9\u201411 \u25cfDecember 2004. P\u00e1zm\u00e1ny P\u00e9ter Catolic University. Budapest\u2014Piliscsaba.<br \/>\n\u25cf\u0421\u0442\u0430\u0440\u043e\u043e\u0431\u0440\u044f\u0434\u0447\u0435\u0441\u0442\u0432\u043e \u043d\u0430 \u042e\u0436\u043d\u043e\u043c \u0423\u0440\u0430\u043b\u0435: \u043e\u0447\u0435\u0440\u043a\u0438 \u0438\u0441\u0442\u043e\u0440\u0438\u0438 \u0438 \u0442\u0440\u0430\u0434\u0438\u0446\u0438\u043e\u043d\u043d\u043e\u0439 \u043a\u0443\u043b\u044c\u0442\u0443\u0440\u044b. \u0423\u0444\u0430, 2002. 225 \u0441., \u0438\u043b\u043b, \u043a\u0430\u0440\u0442.<\/p>\n<p><strong>\u042d\u0442\u043d\u043e\u0433\u0440\u0430\u0444\u0438\u0447\u0435\u0441\u043a\u0438\u0435 \u0444\u0438\u043b\u044c\u043c\u044b:<\/strong><br \/>\n\u25cf \u00ab\u0414\u043e\u043c\u0430\u0448\u043d\u0435\u0435 \u043c\u0430\u0441\u043b\u043e\u00bb, 25 \u043c\u0438\u043d., 2012 \u0433. (\u0432 \u0441\u043e\u0430\u0432\u0442. \u0421 \u0415.\u0410\u043b\u0435\u043a\u0441\u0430\u043d\u0434\u0440\u043e\u0432\u044b\u043c)<br \/>\n\u25cf \u00ab\u0410\u043d\u0434\u0440\u0435\u0439 \u0438\u0437 \u041c\u0438\u0445\u0430\u043b\u043a\u0438\u043d\u043e\u00bb, 25 \u043c\u0438\u043d., 2010 \u0433.. (\u0432 \u0441\u043e\u0430\u0432\u0442. \u0421 \u0415.\u0410\u043b\u0435\u043a\u0441\u0430\u043d\u0434\u0440\u043e\u0432\u044b\u043c)<br \/>\n\u25cf \u00ab\u0421\u0435\u043c\u0438\u043e\u0433\u043d\u0435\u043d\u043d\u0430\u044f \u0441\u0442\u0440\u0435\u043b\u0430\u00bb, 60 \u043c\u0438\u043d., 2009 \u0433. (\u0432 \u0441\u043e\u0430\u0432\u0442. \u0421 \u0415.\u0410\u043b\u0435\u043a\u0441\u0430\u043d\u0434\u0440\u043e\u0432\u044b\u043c)<br \/>\n\u25cf \u00ab\u0412 \u0440\u0443\u0446\u0435 \u043b\u0435\u0442\u0430\u00bb, 45 \u043c\u0438\u043d., 2005 \u0433. (\u0432 \u0441\u043e\u0430\u0432\u0442. \u0421 \u0415.\u0410\u043b\u0435\u043a\u0441\u0430\u043d\u0434\u0440\u043e\u0432\u044b\u043c)<br \/>\n\u25cf \u00ab\u041e\u0441\u0442\u0440\u043e\u0432 \u0412\u0435\u0440\u044b\u00bb, 13 \u043c\u0438\u043d., 2005 \u0433. (\u0432 \u0441\u043e\u0430\u0432\u0442. \u0421 \u0415.\u0410\u043b\u0435\u043a\u0441\u0430\u043d\u0434\u0440\u043e\u0432\u044b\u043c)<br \/>\n\u25cf \u00ab\u0423\u0447\u0443\u043a\u00bb, 25 \u043c\u0438\u043d., 2004 \u0433.<br \/>\n\u25cf \u00ab\u041a\u0443\u043c\u044b\u0441 \u0438\u0437 \u0431\u0430\u0448\u043a\u0438\u0440\u0441\u043a\u043e\u0439 \u043b\u043e\u0448\u0430\u0434\u0438\u2026\u00bb, 18 \u043c\u0438\u043d., 2003 \u0433.<\/p>\n","protected":false},"excerpt":{"rendered":"<p>\u041d\u0430\u0443\u0447\u043d\u044b\u0435 \u0438\u043d\u0442\u0435\u0440\u0435\u0441\u044b: \u0438\u0441\u0442\u043e\u0440\u0438\u044f \u0438 \u043a\u0443\u043b\u044c\u0442\u0443\u0440\u0430 \u0441\u0442\u0430\u0440\u043e\u043e\u0431\u0440\u044f\u0434\u0447\u0435\u0441\u0442\u0432\u0430, \u0430\u043d\u0442\u0440\u043e\u043f\u043e\u043b\u043e\u0433\u0438\u044f \u0440\u0435\u043b\u0438\u0433\u0438\u0438, \u044d\u0442\u043d\u043e\u043a\u0443\u043b\u044c\u0442\u0443\u0440\u043d\u044b\u0435 \u043f\u0440\u043e\u0446\u0435\u0441\u0441\u044b \u0432 \u0423\u0440\u0430\u043b\u043e-\u041f\u043e\u0432\u043e\u043b\u0436\u044c\u0435, \u0432\u0438\u0437\u0443\u0430\u043b\u044c\u043d\u0430\u044f \u0430\u043d\u0442\u0440\u043e\u043f\u043e\u043b\u043e\u0433\u0438\u044f, \u0430\u043d\u0442\u0440\u043e\u043f\u043e\u043b\u043e\u0433\u0438\u044f \u0433\u043e\u0440\u043e\u0434\u0430 e-mail: danja9@yandex.ru \u0412 1996 \u0433. \u043e\u043a\u043e\u043d\u0447\u0438\u043b\u0430 \u043a\u0430\u0444\u0435\u0434\u0440\u0443 \u0430\u0440\u0445\u0435\u043e\u043b\u043e\u0433\u0438\u0438 \u0438\u0441\u0442\u043e\u0440\u0438\u0447\u0435\u0441\u043a\u043e\u0433\u043e \u0444\u0430\u043a\u0443\u043b\u044c\u0442\u0435\u0442\u0430 \u0411\u0430\u0448\u043a\u0438\u0440\u0441\u043a\u043e\u0433\u043e \u0433\u043e\u0441\u0443\u0434\u0430\u0440\u0441\u0442\u0432\u0435\u043d\u043d\u043e\u0433\u043e \u0443\u043d\u0438\u0432\u0435\u0440\u0441\u0438\u0442\u0435\u0442\u0430. \u0421 1996 \u0433. \u043f\u043e 2003 \u0433. \u0440\u0430\u0431\u043e\u0442\u0430\u043b\u0430 \u0432 \u0426\u0435\u043d\u0442\u0440\u0435 \u044d\u0442\u043d\u043e\u043b\u043e\u0433\u0438\u0447\u0435\u0441\u043a\u0438\u0445 \u0438\u0441\u0441\u043b\u0435\u0434\u043e\u0432\u0430\u043d\u0438\u0439 \u0441 \u043c\u0443\u0437\u0435\u0435\u043c \u0430\u0440\u0445\u0435\u043e\u043b\u043e\u0433\u0438\u0438 \u0438 \u044d\u0442\u043d\u043e\u0433\u0440\u0430\u0444\u0438\u0438 \u0423\u0444\u0438\u043c\u0441\u043a\u043e\u0433\u043e \u043d\u0430\u0443\u0447\u043d\u043e\u0433\u043e \u0446\u0435\u043d\u0442\u0440\u0430 \u0420\u0410\u041d. \u0412 2000 \u0433. \u0437\u0430\u0449\u0438\u0442\u0438\u043b\u0430 \u043a\u0430\u043d\u0434\u0438\u0434\u0430\u0442\u0441\u043a\u0443\u044e \u0434\u0438\u0441\u0441\u0435\u0440\u0442\u0430\u0446\u0438\u044e [&hellip;]<\/p>\n","protected":false},"author":1,"featured_media":0,"parent":163,"menu_order":0,"comment_status":"closed","ping_status":"closed","template":"","meta":{"footnotes":""},"class_list":["post-3404","page","type-page","status-publish","hentry"],"_links":{"self":[{"href":"https:\/\/iea-ras.ru\/index.php?rest_route=\/wp\/v2\/pages\/3404","targetHints":{"allow":["GET"]}}],"collection":[{"href":"https:\/\/iea-ras.ru\/index.php?rest_route=\/wp\/v2\/pages"}],"about":[{"href":"https:\/\/iea-ras.ru\/index.php?rest_route=\/wp\/v2\/types\/page"}],"author":[{"embeddable":true,"href":"https:\/\/iea-ras.ru\/index.php?rest_route=\/wp\/v2\/users\/1"}],"replies":[{"embeddable":true,"href":"https:\/\/iea-ras.ru\/index.php?rest_route=%2Fwp%2Fv2%2Fcomments&post=3404"}],"version-history":[{"count":1,"href":"https:\/\/iea-ras.ru\/index.php?rest_route=\/wp\/v2\/pages\/3404\/revisions"}],"predecessor-version":[{"id":3406,"href":"https:\/\/iea-ras.ru\/index.php?rest_route=\/wp\/v2\/pages\/3404\/revisions\/3406"}],"up":[{"embeddable":true,"href":"https:\/\/iea-ras.ru\/index.php?rest_route=\/wp\/v2\/pages\/163"}],"wp:attachment":[{"href":"https:\/\/iea-ras.ru\/index.php?rest_route=%2Fwp%2Fv2%2Fmedia&parent=3404"}],"curies":[{"name":"wp","href":"https:\/\/api.w.org\/{rel}","templated":true}]}}