{"id":2325,"date":"2022-05-08T20:49:06","date_gmt":"2022-05-08T17:49:06","guid":{"rendered":"https:\/\/iea-ras.ru\/?post_type=product&#038;p=2325"},"modified":"2022-05-08T20:49:06","modified_gmt":"2022-05-08T17:49:06","slug":"gadymy-margiananyn-genji-hazynasy-fotoalbom","status":"publish","type":"product","link":"https:\/\/iea-ras.ru\/?product=gadymy-margiananyn-genji-hazynasy-fotoalbom","title":{"rendered":"Gadymy Margianany\u0148 genji-hazynasy. Fotoalbom"},"content":{"rendered":"<p style=\"text-align: justify;\"><i><b>*\u00a0<\/b>\u041d\u0430 \u0434\u0430\u043d\u043d\u044b\u0439 \u043c\u043e\u043c\u0435\u043d\u0442 \u0441\u043a\u0430\u0447\u0430\u0442\u044c \u043c\u043e\u0436\u043d\u043e \u0442\u043e\u043b\u044c\u043a\u043e \u0441\u043e\u0434\u0435\u0440\u0436\u0430\u043d\u0438\u0435 \u043a\u043d\u0438\u0433\u0438. \u041f\u043e\u043b\u043d\u043e\u0442\u0435\u043a\u0441\u0442\u043e\u0432\u044b\u0439 \u0432\u0430\u0440\u0438\u0430\u043d\u0442 \u043c\u043e\u0436\u043d\u043e \u0431\u0443\u0434\u0435\u0442 \u0437\u0430\u0433\u0440\u0443\u0437\u0438\u0442\u044c \u043f\u043e\u0441\u043b\u0435 \u043f\u0440\u0435\u0434\u043e\u0441\u0442\u0430\u0432\u043b\u0435\u043d\u0438\u044f \u043a\u043d\u0438\u0433\u0438 \u0430\u0432\u0442\u043e\u0440\u043e\u043c \u0438\/\u0438\u043b\u0438 \u043f\u043e\u043b\u0443\u0447\u0435\u043d\u0438\u044f \u0440\u0430\u0437\u0440\u0435\u0448\u0435\u043d\u0438\u044f \u043e\u0442 \u0438\u0437\u0434\u0430\u0442\u0435\u043b\u044c\u0441\u0442\u0432\u0430.<\/i><\/p>\n","protected":false},"excerpt":{"rendered":"<p><strong>Gadymy Margianany\u0148 genji-hazynasy. Fotoalbom<\/strong> \/ Sarianidi W., Dubowa N.\u00a0A\u015fgabat: T\u00fcrkmen d\u00f6wlet ne\u015fir\u00fdat gullugy, 2013 &#8212; 208 s., sul.<\/p>\n","protected":false},"featured_media":2326,"comment_status":"closed","ping_status":"closed","template":"","meta":[],"product_brand":[],"product_cat":[90],"product_tag":[],"class_list":{"0":"post-2325","1":"product","2":"type-product","3":"status-publish","4":"has-post-thumbnail","6":"product_cat-90","8":"first","9":"instock","10":"taxable","11":"shipping-taxable","12":"product-type-simple"},"_links":{"self":[{"href":"https:\/\/iea-ras.ru\/index.php?rest_route=\/wp\/v2\/product\/2325","targetHints":{"allow":["GET"]}}],"collection":[{"href":"https:\/\/iea-ras.ru\/index.php?rest_route=\/wp\/v2\/product"}],"about":[{"href":"https:\/\/iea-ras.ru\/index.php?rest_route=\/wp\/v2\/types\/product"}],"replies":[{"embeddable":true,"href":"https:\/\/iea-ras.ru\/index.php?rest_route=%2Fwp%2Fv2%2Fcomments&post=2325"}],"wp:featuredmedia":[{"embeddable":true,"href":"https:\/\/iea-ras.ru\/index.php?rest_route=\/wp\/v2\/media\/2326"}],"wp:attachment":[{"href":"https:\/\/iea-ras.ru\/index.php?rest_route=%2Fwp%2Fv2%2Fmedia&parent=2325"}],"wp:term":[{"taxonomy":"product_brand","embeddable":true,"href":"https:\/\/iea-ras.ru\/index.php?rest_route=%2Fwp%2Fv2%2Fproduct_brand&post=2325"},{"taxonomy":"product_cat","embeddable":true,"href":"https:\/\/iea-ras.ru\/index.php?rest_route=%2Fwp%2Fv2%2Fproduct_cat&post=2325"},{"taxonomy":"product_tag","embeddable":true,"href":"https:\/\/iea-ras.ru\/index.php?rest_route=%2Fwp%2Fv2%2Fproduct_tag&post=2325"}],"curies":[{"name":"wp","href":"https:\/\/api.w.org\/{rel}","templated":true}]}}